{"id":11,"date":"2024-03-07T22:26:45","date_gmt":"2024-03-07T21:26:45","guid":{"rendered":"https:\/\/olcold.olcstudios.com\/?page_id=11"},"modified":"2024-06-22T12:31:35","modified_gmt":"2024-06-22T10:31:35","slug":"bienvenue","status":"publish","type":"page","link":"https:\/\/olcold.olcstudios.com\/","title":{"rendered":"Bienvenue"},"content":{"rendered":"\n<div class=\"wp-block-group is-layout-constrained wp-block-group-is-layout-constrained\">\n<figure class=\"wp-block-pullquote has-medium-font-size\" style=\"border-style:none;border-width:0px\"><blockquote><p>Qui sommes nous ?<\/p><\/blockquote><\/figure>\n\n\n\n<div class=\"wp-block-group is-layout-constrained wp-block-group-is-layout-constrained\">\n<div class=\"wp-block-media-text is-stacked-on-mobile\"><figure class=\"wp-block-media-text__media\"><img loading=\"lazy\" decoding=\"async\" width=\"333\" height=\"267\" src=\"https:\/\/olcold.olcstudios.com\/wp-content\/uploads\/2024\/03\/iii.png\" alt=\"\" class=\"wp-image-35 size-full\" srcset=\"https:\/\/olcold.olcstudios.com\/wp-content\/uploads\/2024\/03\/iii.png 333w, https:\/\/olcold.olcstudios.com\/wp-content\/uploads\/2024\/03\/iii-300x241.png 300w\" sizes=\"(max-width: 333px) 100vw, 333px\" \/><\/figure><div class=\"wp-block-media-text__content\">\n<p class=\"has-medium-font-size\" style=\"text-align: justify;\"><strong>Oracle Light &amp; Computing<\/strong> est une entreprise de prestations de services informatiques et \u00e9lectroniques, install\u00e9e au Burkina Faso. En tant que r\u00e9f\u00e9rence dans notre domaine, nous nous engageons \u00e0 contribuer activement \u00e0 l\u2019avancement technologique du pays en formant les jeunes aux m\u00e9tiers \u00e9mergents de la technologie. Conscient que l\u2019innovation est le moteur de la croissance \u00e9conomique et du progr\u00e8s social, nous investissons dans la formation et le d\u00e9veloppement des comp\u00e9tence afin de pr\u00e9parer notre personnel aux d\u00e9fis technologiques futurs et stimuler l\u2019\u00e9mergence d\u2019une \u00e9conomie num\u00e9rique.<\/p>\n<\/div><\/div>\n\n\n\n<div class=\"wp-block-columns\">\u00a0<\/div>\n\n\n\n<figure class=\"wp-block-pullquote has-medium-font-size\"><blockquote><p>CENTRALE CONNECTEE ALERTE INCENDIES<\/p><\/blockquote><\/figure>\n\n\n\n<div class=\"wp-block-media-text is-stacked-on-mobile\" style=\"grid-template-columns:43% auto\"><figure class=\"wp-block-media-text__media\"><img loading=\"lazy\" decoding=\"async\" width=\"886\" height=\"585\" src=\"https:\/\/olcold.olcstudios.com\/wp-content\/uploads\/2024\/03\/IMG-20240309-WA0001.jpg\" alt=\"\" class=\"wp-image-67 size-full\" srcset=\"https:\/\/olcold.olcstudios.com\/wp-content\/uploads\/2024\/03\/IMG-20240309-WA0001.jpg 886w, https:\/\/olcold.olcstudios.com\/wp-content\/uploads\/2024\/03\/IMG-20240309-WA0001-300x198.jpg 300w, https:\/\/olcold.olcstudios.com\/wp-content\/uploads\/2024\/03\/IMG-20240309-WA0001-768x507.jpg 768w\" sizes=\"(max-width: 886px) 100vw, 886px\" \/><\/figure><div class=\"wp-block-media-text__content\">\n<p class=\"has-medium-font-size\" style=\"text-align: justify;\"><strong>S\u00e9curit\u00e9 contre les incendies<\/strong><\/p>\n\n\n\n<p class=\"has-medium-font-size\" style=\"text-align: justify;\">Les incendies repr\u00e9sentent l&#8217;une des menaces les plus graves pour les entreprises et les domiciles. Chez Oracle Light &amp; Computing, nous sommes engag\u00e9s \u00e0 vous aider \u00e0 pr\u00e9venir et \u00e0 combattre les incendies gr\u00e2ce \u00e0 nos syst\u00e8mes de d\u00e9tection et de suppression avanc\u00e9s. Nos \u00e9quipements de pointe garantissent une d\u00e9tection pr\u00e9coce des incendies, permettant une intervention rapide pour limiter les d\u00e9g\u00e2ts et sauver des vies.<\/p>\n<\/div><\/div>\n\n\n\n<figure class=\"wp-block-pullquote has-medium-font-size\"><blockquote><p><strong>ENSEIGNES LUMINEUSES<\/strong><\/p><\/blockquote><\/figure>\n\n\n\n<div class=\"wp-block-media-text is-stacked-on-mobile\" style=\"grid-template-columns:43% auto\"><figure class=\"wp-block-media-text__media\"><img loading=\"lazy\" decoding=\"async\" width=\"747\" height=\"423\" src=\"https:\/\/olcold.olcstudios.com\/wp-content\/uploads\/2024\/06\/Enseignes-Lumineuses.png\" alt=\"\" class=\"wp-image-178 size-full\" srcset=\"https:\/\/olcold.olcstudios.com\/wp-content\/uploads\/2024\/06\/Enseignes-Lumineuses.png 747w, https:\/\/olcold.olcstudios.com\/wp-content\/uploads\/2024\/06\/Enseignes-Lumineuses-300x170.png 300w\" sizes=\"(max-width: 747px) 100vw, 747px\" \/><\/figure><div class=\"wp-block-media-text__content\">\n<h3 class=\"has-medium-font-size\" style=\"text-align: justify; padding-left: 40px;\"><strong>Soyez Vu, Soyez M\u00e9morable : Illuminez Votre Marque avec Nos Enseignes Lumineuses \u00e0 LED 3D<\/strong><\/h3>\n\n\n\n<h5 style=\"text-align: justify;\">\u00cates-vous pr\u00eat \u00e0 faire briller votre marque comme jamais auparavant ? Chez [Votre Nom d&#8217;Entreprise], nous sommes des ma\u00eetres dans l&#8217;art de la conception d&#8217;enseignes lumineuses \u00e0 LED en 3D qui captivent l&#8217;attention et laissent une impression durable.<\/h5>\n<h5 style=\"text-align: justify;\">Nos enseignes lumineuses ne sont pas simplement des panneaux ; ce sont des \u0153uvres d&#8217;art fonctionnelles. Gr\u00e2ce \u00e0 notre expertise technique et cr\u00e9ative, nous transformons votre logo et votre message en une sculpture lumineuse qui se d\u00e9marque, de jour comme de nuit.<\/h5>\n<\/div><\/div>\n<\/div>\n\n\n\n<p><\/p>\n\n\n\n<figure class=\"wp-block-pullquote has-medium-font-size\"><blockquote><p>CENTRALE CONNECTEE AUX SERVICES DE SECURITE<\/p><\/blockquote><\/figure>\n\n\n\n<div class=\"wp-block-media-text is-stacked-on-mobile\" style=\"grid-template-columns:43% auto\"><figure class=\"wp-block-media-text__media\"><img loading=\"lazy\" decoding=\"async\" width=\"921\" height=\"776\" src=\"https:\/\/olcold.olcstudios.com\/wp-content\/uploads\/2024\/03\/IMG-20240308-WA0066.jpg\" alt=\"\" class=\"wp-image-54 size-full\" srcset=\"https:\/\/olcold.olcstudios.com\/wp-content\/uploads\/2024\/03\/IMG-20240308-WA0066.jpg 921w, https:\/\/olcold.olcstudios.com\/wp-content\/uploads\/2024\/03\/IMG-20240308-WA0066-300x253.jpg 300w, https:\/\/olcold.olcstudios.com\/wp-content\/uploads\/2024\/03\/IMG-20240308-WA0066-768x647.jpg 768w\" sizes=\"(max-width: 921px) 100vw, 921px\" \/><\/figure><div class=\"wp-block-media-text__content\">\n<p class=\"has-medium-font-size\" style=\"text-align: justify;\"><strong>S\u00e9curit\u00e9 contre les intrusions<\/strong><\/p>\n\n\n\n<p class=\"has-medium-font-size\" style=\"text-align: justify;\">Les intrusions peuvent causer des pertes financi\u00e8res importantes et compromettre la s\u00e9curit\u00e9 des personnes et des biens. Chez Oracle Light &amp; Computing, nous utilisons des technologies de pointe telles que les radars infrarouges de d\u00e9tection longue port\u00e9e pour surveiller et prot\u00e9ger votre p\u00e9rim\u00e8tre contre les intrusions non autoris\u00e9es. Notre syst\u00e8me vous alerte imm\u00e9diatement en cas d&#8217;intrusion, vous permettant de prendre des mesures rapidement pour prot\u00e9ger votre propri\u00e9t\u00e9.<\/p>\n<\/p>\n<\/div><\/div>\n\n\n\n<figure class=\"wp-block-pullquote has-large-font-size\"><blockquote><p>SURVEILLANCE PARC AUTOMOBILE<\/p><\/blockquote><\/figure>\n\n\n\n<div class=\"wp-block-media-text is-stacked-on-mobile\" style=\"grid-template-columns:43% auto\"><figure class=\"wp-block-media-text__media\"><img loading=\"lazy\" decoding=\"async\" width=\"1009\" height=\"689\" src=\"https:\/\/olcold.olcstudios.com\/wp-content\/uploads\/2024\/03\/IMG-20240308-WA0064.jpg\" alt=\"\" class=\"wp-image-53 size-full\" srcset=\"https:\/\/olcold.olcstudios.com\/wp-content\/uploads\/2024\/03\/IMG-20240308-WA0064.jpg 1009w, https:\/\/olcold.olcstudios.com\/wp-content\/uploads\/2024\/03\/IMG-20240308-WA0064-300x205.jpg 300w, https:\/\/olcold.olcstudios.com\/wp-content\/uploads\/2024\/03\/IMG-20240308-WA0064-768x524.jpg 768w, https:\/\/olcold.olcstudios.com\/wp-content\/uploads\/2024\/03\/IMG-20240308-WA0064-130x90.jpg 130w\" sizes=\"(max-width: 1009px) 100vw, 1009px\" \/><\/figure><div class=\"wp-block-media-text__content\">\n<p class=\"has-medium-font-size\" style=\"text-align: justify;\"><strong>Surveillance Suivi Parc Auto<\/strong><\/p>\n<\/p>\n\n\n\n<p class=\"has-medium-font-size\" style=\"text-align: justify;\">La surveillance des v\u00e9hicules est essentielle pour assurer la s\u00e9curit\u00e9 des flottes et des conducteurs, ainsi que pour prot\u00e9ger les biens et les marchandises transport\u00e9s.<br \/>Avec nos syst\u00e8mes GPS avanc\u00e9s, vous pouvez suivre et contr\u00f4ler vos v\u00e9hicules \u00e0 distance, assurant une gestion efficace et s\u00e9curis\u00e9e de votre parc automobile.\u00a0Chez Oracle Light &amp; Computing, nous vous donnons les outils n\u00e9cessaires pour rester en s\u00e9curit\u00e9 et en contr\u00f4le, o\u00f9 que vous soyez.<\/p>\n<\/p>\n<\/div><\/div>\n<\/div>\n\n\n<p><!-- \/wp:columns --><\/p>\n<p><!-- wp:pullquote {\"fontSize\":\"large\"} --><\/p>\n<figure class=\"wp-block-pullquote has-large-font-size\">\n<blockquote>\n<p>Contactez Nous<\/p>\n<\/blockquote>\n<\/figure>\n<p><!-- \/wp:pullquote --><\/p>\n<p><!-- \/wp:group --><\/p>\n<p><!-- wp:quote --><\/p>\n<blockquote class=\"wp-block-quote\">\n<p><!-- wp:heading {\"level\":6,\"fontSize\":\"medium\"} --><\/p>\n<h6 class=\"wp-block-heading has-medium-font-size\">La prudence en temps d&#8217;ins\u00e9curit\u00e9 est plus importante que jamais. Avec Oracle Light &amp; Computing, vous pouvez compter sur des solutions de s\u00e9curit\u00e9 fiables et innovantes pour prot\u00e9ger ce qui vous est cher. Contactez-nous d\u00e8s aujourd&#8217;hui pour d\u00e9couvrir comment nous pouvons vous aider \u00e0 renforcer votre s\u00e9curit\u00e9 et votre tranquillit\u00e9 d&#8217;esprit.<\/h6>\n<p><!-- \/wp:heading --><\/p>\n<\/blockquote>\n<p><!-- \/wp:quote --><\/p>\n<p><!-- wp:shortcode --><br \/>\n<div class=\"wpcf7 no-js\" id=\"wpcf7-f17-o1\" lang=\"fr-FR\" dir=\"ltr\">\n<div class=\"screen-reader-response\"><p role=\"status\" aria-live=\"polite\" aria-atomic=\"true\"><\/p> <ul><\/ul><\/div>\n<form action=\"\/index.php?rest_route=%2Fwp%2Fv2%2Fpages%2F11#wpcf7-f17-o1\" method=\"post\" class=\"wpcf7-form init\" aria-label=\"Formulaire de contact\" novalidate=\"novalidate\" data-status=\"init\">\n<div style=\"display: none;\">\n<input type=\"hidden\" name=\"_wpcf7\" value=\"17\" \/>\n<input type=\"hidden\" name=\"_wpcf7_version\" value=\"5.9\" \/>\n<input type=\"hidden\" name=\"_wpcf7_locale\" value=\"fr_FR\" \/>\n<input type=\"hidden\" name=\"_wpcf7_unit_tag\" value=\"wpcf7-f17-o1\" \/>\n<input type=\"hidden\" name=\"_wpcf7_container_post\" value=\"0\" \/>\n<input type=\"hidden\" name=\"_wpcf7_posted_data_hash\" value=\"\" \/>\n<\/div>\n<p><label> Votre nom<br \/>\n<span class=\"wpcf7-form-control-wrap\" data-name=\"your-name\"><input size=\"40\" class=\"wpcf7-form-control wpcf7-text wpcf7-validates-as-required\" autocomplete=\"name\" aria-required=\"true\" aria-invalid=\"false\" value=\"\" type=\"text\" name=\"your-name\" \/><\/span> <\/label>\n<\/p>\n<p><label> Votre e-mail<br \/>\n<span class=\"wpcf7-form-control-wrap\" data-name=\"your-email\"><input size=\"40\" class=\"wpcf7-form-control wpcf7-email wpcf7-validates-as-required wpcf7-text wpcf7-validates-as-email\" autocomplete=\"email\" aria-required=\"true\" aria-invalid=\"false\" value=\"\" type=\"email\" name=\"your-email\" \/><\/span> <\/label>\n<\/p>\n<p><label> Objet<br \/>\n<span class=\"wpcf7-form-control-wrap\" data-name=\"your-subject\"><input size=\"40\" class=\"wpcf7-form-control wpcf7-text wpcf7-validates-as-required\" aria-required=\"true\" aria-invalid=\"false\" value=\"\" type=\"text\" name=\"your-subject\" \/><\/span> <\/label>\n<\/p>\n<p><label> Votre message (facultatif)<br \/>\n<span class=\"wpcf7-form-control-wrap\" data-name=\"your-message\"><textarea cols=\"40\" rows=\"10\" class=\"wpcf7-form-control wpcf7-textarea\" aria-invalid=\"false\" name=\"your-message\"><\/textarea><\/span> <\/label>\n<\/p>\n<p><input class=\"wpcf7-form-control wpcf7-submit has-spinner\" type=\"submit\" value=\"Envoyer\" \/>\n<\/p><div class=\"wpcf7-response-output\" aria-hidden=\"true\"><\/div>\n<\/form>\n<\/div>\n<br \/><!-- \/wp:shortcode --><\/p>\n<p><!-- wp:paragraph --><\/p>\n<p><!-- \/wp:paragraph --><\/p>\n<p><!-- \/wp:freeform --><\/p>\n<p><!-- \/wp:group --><\/p>\n<p><!-- wp:cb\/carousel --><\/p>\n<div class=\"wp-block-cb-carousel\" data-slick=\"{&quot;slidesToShow&quot;:3,&quot;slidesToScroll&quot;:1,&quot;speed&quot;:300,&quot;arrows&quot;:true,&quot;dots&quot;:true,&quot;autoplay&quot;:false,&quot;autoplaySpeed&quot;:3000,&quot;infinite&quot;:false,&quot;responsive&quot;:[{&quot;breakpoint&quot;:769,&quot;settings&quot;:{&quot;slidesToShow&quot;:1,&quot;slidesToScroll&quot;:1}}]}\"><!-- wp:cb\/slide --><\/p>\n<div class=\"wp-block-cb-slide\"><\/div>\n<p><!-- \/wp:cb\/slide --><\/p>\n<p><!-- wp:cb\/slide --><\/p>\n<div class=\"wp-block-cb-slide\"><\/div>\n<p><!-- \/wp:cb\/slide --><\/div>\n<p><!-- \/wp:cb\/carousel --><\/p>","protected":false},"excerpt":{"rendered":"<p>La prudence dans ces temps d&#8217;insecurit\u00e9 est plus importante que jamais. Avec Oracle Light &amp; Computing, vous pouvez compter sur des solutions de s\u00e9curit\u00e9 fiables et innovantes pour prot\u00e9ger ce qui vous est cher. Contactez-nous d\u00e8s aujourd&#8217;hui pour d\u00e9couvrir comment nous pouvons vous aider \u00e0 renforcer votre s\u00e9curit\u00e9 et votre tranquillit\u00e9 d&#8217;esprit.<\/p>\n","protected":false},"author":1,"featured_media":0,"parent":0,"menu_order":0,"comment_status":"closed","ping_status":"closed","template":"","meta":{"om_disable_all_campaigns":false,"footnotes":""},"yoast_head":"<!-- This site is optimized with the Yoast SEO plugin v22.2 - https:\/\/yoast.com\/wordpress\/plugins\/seo\/ -->\n<title>Bienvenue - Oracle Light &amp; Computing<\/title>\n<meta name=\"description\" content=\"Oracle Light &amp; Computing est une entreprise de prestations de services informatiques et \u00e9lectroniques, install\u00e9e au Burkina Faso. En tant que r\u00e9f\u00e9rence dans notre domaine, nous nous engageons \u00e0 contribuer activement \u00e0 l\u2019avancement technologique du pays en formant les jeunes aux m\u00e9tiers \u00e9mergents de la technologie. Conscient que l\u2019innovation est le moteur de la croissance \u00e9conomique et du progr\u00e8s social, nous investissons dans la formation et le d\u00e9veloppement des comp\u00e9tence afin de pr\u00e9parer notre personnel aux d\u00e9fis technologiques futurs et stimuler l\u2019\u00e9mergence d\u2019une \u00e9conomie num\u00e9rique.\" \/>\n<meta name=\"robots\" content=\"index, follow, max-snippet:-1, max-image-preview:large, max-video-preview:-1\" \/>\n<link rel=\"canonical\" href=\"https:\/\/olcold.olcstudios.com\/\" \/>\n<meta property=\"og:locale\" content=\"en_US\" \/>\n<meta property=\"og:type\" content=\"article\" \/>\n<meta property=\"og:title\" content=\"Bienvenue Chez Oracle Light &amp; Computing\" \/>\n<meta property=\"og:description\" content=\"Oracle Light &amp; Computing est une entreprise de prestations de services informatiques et \u00e9lectroniques, install\u00e9e au Burkina Faso. En tant que r\u00e9f\u00e9rence dans notre domaine, nous nous engageons \u00e0 contribuer activement \u00e0 l\u2019avancement technologique du pays en formant les jeunes aux m\u00e9tiers \u00e9mergents de la technologie. Conscient que l\u2019innovation est le moteur de la croissance \u00e9conomique et du progr\u00e8s social, nous investissons dans la formation et le d\u00e9veloppement des comp\u00e9tence afin de pr\u00e9parer notre personnel aux d\u00e9fis technologiques futurs et stimuler l\u2019\u00e9mergence d\u2019une \u00e9conomie num\u00e9rique.\" \/>\n<meta property=\"og:url\" content=\"https:\/\/olcold.olcstudios.com\/\" \/>\n<meta property=\"og:site_name\" content=\"Oracle Light &amp; Computing\" \/>\n<meta property=\"article:modified_time\" content=\"2024-06-22T10:31:35+00:00\" \/>\n<meta property=\"og:image\" content=\"http:\/\/olcold.olcstudios.com\/wp-content\/uploads\/2024\/03\/catalogue-couverture.png\" \/>\n\t<meta property=\"og:image:width\" content=\"401\" \/>\n\t<meta property=\"og:image:height\" content=\"565\" \/>\n\t<meta property=\"og:image:type\" content=\"image\/png\" \/>\n<meta name=\"twitter:card\" content=\"summary_large_image\" \/>\n<meta name=\"twitter:title\" content=\"Bienvenue Chez Oracle Light &amp; Computing\" \/>\n<meta name=\"twitter:description\" content=\"Oracle Light &amp; Computing est une entreprise de prestations de services informatiques et \u00e9lectroniques, install\u00e9e au Burkina Faso. En tant que r\u00e9f\u00e9rence dans notre domaine, nous nous engageons \u00e0 contribuer activement \u00e0 l\u2019avancement technologique du pays en formant les jeunes aux m\u00e9tiers \u00e9mergents de la technologie. Conscient que l\u2019innovation est le moteur de la croissance \u00e9conomique et du progr\u00e8s social, nous investissons dans la formation et le d\u00e9veloppement des comp\u00e9tence afin de pr\u00e9parer notre personnel aux d\u00e9fis technologiques futurs et stimuler l\u2019\u00e9mergence d\u2019une \u00e9conomie num\u00e9rique.\" \/>\n<meta name=\"twitter:image\" content=\"https:\/\/olcold.olcstudios.com\/wp-content\/uploads\/2024\/03\/catalogue-couverture.png\" \/>\n<meta name=\"twitter:label1\" content=\"Est. reading time\" \/>\n\t<meta name=\"twitter:data1\" content=\"4 minutes\" \/>\n<script type=\"application\/ld+json\" class=\"yoast-schema-graph\">{\"@context\":\"https:\/\/schema.org\",\"@graph\":[{\"@type\":\"WebPage\",\"@id\":\"https:\/\/olcold.olcstudios.com\/\",\"url\":\"https:\/\/olcold.olcstudios.com\/\",\"name\":\"Bienvenue - Oracle Light &amp; Computing\",\"isPartOf\":{\"@id\":\"https:\/\/olcold.olcstudios.com\/#website\"},\"primaryImageOfPage\":{\"@id\":\"https:\/\/olcold.olcstudios.com\/#primaryimage\"},\"image\":{\"@id\":\"https:\/\/olcold.olcstudios.com\/#primaryimage\"},\"thumbnailUrl\":\"https:\/\/olcold.olcstudios.com\/wp-content\/uploads\/2024\/03\/iii.png\",\"datePublished\":\"2024-03-07T21:26:45+00:00\",\"dateModified\":\"2024-06-22T10:31:35+00:00\",\"description\":\"Oracle Light & Computing est une entreprise de prestations de services informatiques et \u00e9lectroniques, install\u00e9e au Burkina Faso. En tant que r\u00e9f\u00e9rence dans notre domaine, nous nous engageons \u00e0 contribuer activement \u00e0 l\u2019avancement technologique du pays en formant les jeunes aux m\u00e9tiers \u00e9mergents de la technologie. Conscient que l\u2019innovation est le moteur de la croissance \u00e9conomique et du progr\u00e8s social, nous investissons dans la formation et le d\u00e9veloppement des comp\u00e9tence afin de pr\u00e9parer notre personnel aux d\u00e9fis technologiques futurs et stimuler l\u2019\u00e9mergence d\u2019une \u00e9conomie num\u00e9rique.\",\"breadcrumb\":{\"@id\":\"https:\/\/olcold.olcstudios.com\/#breadcrumb\"},\"inLanguage\":\"en-US\",\"potentialAction\":[{\"@type\":\"ReadAction\",\"target\":[\"https:\/\/olcold.olcstudios.com\/\"]}]},{\"@type\":\"ImageObject\",\"inLanguage\":\"en-US\",\"@id\":\"https:\/\/olcold.olcstudios.com\/#primaryimage\",\"url\":\"https:\/\/olcold.olcstudios.com\/wp-content\/uploads\/2024\/03\/iii.png\",\"contentUrl\":\"https:\/\/olcold.olcstudios.com\/wp-content\/uploads\/2024\/03\/iii.png\",\"width\":333,\"height\":267},{\"@type\":\"BreadcrumbList\",\"@id\":\"https:\/\/olcold.olcstudios.com\/#breadcrumb\",\"itemListElement\":[{\"@type\":\"ListItem\",\"position\":1,\"name\":\"Accueil\",\"item\":\"https:\/\/olcold.olcstudios.com\/\"},{\"@type\":\"ListItem\",\"position\":2,\"name\":\"Bienvenue\"}]},{\"@type\":\"WebSite\",\"@id\":\"https:\/\/olcold.olcstudios.com\/#website\",\"url\":\"https:\/\/olcold.olcstudios.com\/\",\"name\":\"Oracle Light &amp; Computing\",\"description\":\"Innovons Ensemble\",\"potentialAction\":[{\"@type\":\"SearchAction\",\"target\":{\"@type\":\"EntryPoint\",\"urlTemplate\":\"https:\/\/olcold.olcstudios.com\/?s={search_term_string}\"},\"query-input\":\"required name=search_term_string\"}],\"inLanguage\":\"en-US\"}]}<\/script>\n<!-- \/ Yoast SEO plugin. -->","yoast_head_json":{"title":"Bienvenue - Oracle Light &amp; Computing","description":"Oracle Light & Computing est une entreprise de prestations de services informatiques et \u00e9lectroniques, install\u00e9e au Burkina Faso. En tant que r\u00e9f\u00e9rence dans notre domaine, nous nous engageons \u00e0 contribuer activement \u00e0 l\u2019avancement technologique du pays en formant les jeunes aux m\u00e9tiers \u00e9mergents de la technologie. Conscient que l\u2019innovation est le moteur de la croissance \u00e9conomique et du progr\u00e8s social, nous investissons dans la formation et le d\u00e9veloppement des comp\u00e9tence afin de pr\u00e9parer notre personnel aux d\u00e9fis technologiques futurs et stimuler l\u2019\u00e9mergence d\u2019une \u00e9conomie num\u00e9rique.","robots":{"index":"index","follow":"follow","max-snippet":"max-snippet:-1","max-image-preview":"max-image-preview:large","max-video-preview":"max-video-preview:-1"},"canonical":"https:\/\/olcold.olcstudios.com\/","og_locale":"en_US","og_type":"article","og_title":"Bienvenue Chez Oracle Light & Computing","og_description":"Oracle Light & Computing est une entreprise de prestations de services informatiques et \u00e9lectroniques, install\u00e9e au Burkina Faso. En tant que r\u00e9f\u00e9rence dans notre domaine, nous nous engageons \u00e0 contribuer activement \u00e0 l\u2019avancement technologique du pays en formant les jeunes aux m\u00e9tiers \u00e9mergents de la technologie. Conscient que l\u2019innovation est le moteur de la croissance \u00e9conomique et du progr\u00e8s social, nous investissons dans la formation et le d\u00e9veloppement des comp\u00e9tence afin de pr\u00e9parer notre personnel aux d\u00e9fis technologiques futurs et stimuler l\u2019\u00e9mergence d\u2019une \u00e9conomie num\u00e9rique.","og_url":"https:\/\/olcold.olcstudios.com\/","og_site_name":"Oracle Light &amp; Computing","article_modified_time":"2024-06-22T10:31:35+00:00","og_image":[{"width":401,"height":565,"url":"http:\/\/olcold.olcstudios.com\/wp-content\/uploads\/2024\/03\/catalogue-couverture.png","type":"image\/png"}],"twitter_card":"summary_large_image","twitter_title":"Bienvenue Chez Oracle Light & Computing","twitter_description":"Oracle Light & Computing est une entreprise de prestations de services informatiques et \u00e9lectroniques, install\u00e9e au Burkina Faso. En tant que r\u00e9f\u00e9rence dans notre domaine, nous nous engageons \u00e0 contribuer activement \u00e0 l\u2019avancement technologique du pays en formant les jeunes aux m\u00e9tiers \u00e9mergents de la technologie. Conscient que l\u2019innovation est le moteur de la croissance \u00e9conomique et du progr\u00e8s social, nous investissons dans la formation et le d\u00e9veloppement des comp\u00e9tence afin de pr\u00e9parer notre personnel aux d\u00e9fis technologiques futurs et stimuler l\u2019\u00e9mergence d\u2019une \u00e9conomie num\u00e9rique.","twitter_image":"https:\/\/olcold.olcstudios.com\/wp-content\/uploads\/2024\/03\/catalogue-couverture.png","twitter_misc":{"Est. reading time":"4 minutes"},"schema":{"@context":"https:\/\/schema.org","@graph":[{"@type":"WebPage","@id":"https:\/\/olcold.olcstudios.com\/","url":"https:\/\/olcold.olcstudios.com\/","name":"Bienvenue - Oracle Light &amp; Computing","isPartOf":{"@id":"https:\/\/olcold.olcstudios.com\/#website"},"primaryImageOfPage":{"@id":"https:\/\/olcold.olcstudios.com\/#primaryimage"},"image":{"@id":"https:\/\/olcold.olcstudios.com\/#primaryimage"},"thumbnailUrl":"https:\/\/olcold.olcstudios.com\/wp-content\/uploads\/2024\/03\/iii.png","datePublished":"2024-03-07T21:26:45+00:00","dateModified":"2024-06-22T10:31:35+00:00","description":"Oracle Light & Computing est une entreprise de prestations de services informatiques et \u00e9lectroniques, install\u00e9e au Burkina Faso. En tant que r\u00e9f\u00e9rence dans notre domaine, nous nous engageons \u00e0 contribuer activement \u00e0 l\u2019avancement technologique du pays en formant les jeunes aux m\u00e9tiers \u00e9mergents de la technologie. Conscient que l\u2019innovation est le moteur de la croissance \u00e9conomique et du progr\u00e8s social, nous investissons dans la formation et le d\u00e9veloppement des comp\u00e9tence afin de pr\u00e9parer notre personnel aux d\u00e9fis technologiques futurs et stimuler l\u2019\u00e9mergence d\u2019une \u00e9conomie num\u00e9rique.","breadcrumb":{"@id":"https:\/\/olcold.olcstudios.com\/#breadcrumb"},"inLanguage":"en-US","potentialAction":[{"@type":"ReadAction","target":["https:\/\/olcold.olcstudios.com\/"]}]},{"@type":"ImageObject","inLanguage":"en-US","@id":"https:\/\/olcold.olcstudios.com\/#primaryimage","url":"https:\/\/olcold.olcstudios.com\/wp-content\/uploads\/2024\/03\/iii.png","contentUrl":"https:\/\/olcold.olcstudios.com\/wp-content\/uploads\/2024\/03\/iii.png","width":333,"height":267},{"@type":"BreadcrumbList","@id":"https:\/\/olcold.olcstudios.com\/#breadcrumb","itemListElement":[{"@type":"ListItem","position":1,"name":"Accueil","item":"https:\/\/olcold.olcstudios.com\/"},{"@type":"ListItem","position":2,"name":"Bienvenue"}]},{"@type":"WebSite","@id":"https:\/\/olcold.olcstudios.com\/#website","url":"https:\/\/olcold.olcstudios.com\/","name":"Oracle Light &amp; Computing","description":"Innovons Ensemble","potentialAction":[{"@type":"SearchAction","target":{"@type":"EntryPoint","urlTemplate":"https:\/\/olcold.olcstudios.com\/?s={search_term_string}"},"query-input":"required name=search_term_string"}],"inLanguage":"en-US"}]}},"_links":{"self":[{"href":"https:\/\/olcold.olcstudios.com\/index.php?rest_route=\/wp\/v2\/pages\/11"}],"collection":[{"href":"https:\/\/olcold.olcstudios.com\/index.php?rest_route=\/wp\/v2\/pages"}],"about":[{"href":"https:\/\/olcold.olcstudios.com\/index.php?rest_route=\/wp\/v2\/types\/page"}],"author":[{"embeddable":true,"href":"https:\/\/olcold.olcstudios.com\/index.php?rest_route=\/wp\/v2\/users\/1"}],"replies":[{"embeddable":true,"href":"https:\/\/olcold.olcstudios.com\/index.php?rest_route=%2Fwp%2Fv2%2Fcomments&post=11"}],"version-history":[{"count":38,"href":"https:\/\/olcold.olcstudios.com\/index.php?rest_route=\/wp\/v2\/pages\/11\/revisions"}],"predecessor-version":[{"id":179,"href":"https:\/\/olcold.olcstudios.com\/index.php?rest_route=\/wp\/v2\/pages\/11\/revisions\/179"}],"wp:attachment":[{"href":"https:\/\/olcold.olcstudios.com\/index.php?rest_route=%2Fwp%2Fv2%2Fmedia&parent=11"}],"curies":[{"name":"wp","href":"https:\/\/api.w.org\/{rel}","templated":true}]}}